{"id":3,"date":"2024-03-15T11:10:04","date_gmt":"2024-03-15T11:10:04","guid":{"rendered":"https:\/\/www.caiadoimmigration.com\/?page_id=3"},"modified":"2025-04-03T12:30:47","modified_gmt":"2025-04-03T11:30:47","slug":"politica-privacidade","status":"publish","type":"page","link":"https:\/\/www.caiadoimmigration.com\/pt-pt\/politica-privacidade\/","title":{"rendered":"Pol\u00edtica de Privacidade"},"content":{"rendered":"\t\t<div data-elementor-type=\"wp-page\" data-elementor-id=\"3\" class=\"elementor elementor-3\">\n\t\t\t\t<div class=\"elementor-element elementor-element-9adb302 e-con-full e-flex parallax_section_no qode_elementor_container_no e-con e-parent\" data-id=\"9adb302\" data-element_type=\"container\" data-e-type=\"container\" data-settings=\"{&quot;background_background&quot;:&quot;classic&quot;,&quot;position&quot;:&quot;fixed&quot;}\">\n\t\t<div class=\"elementor-element elementor-element-ff57c01 e-con-full elementor-hidden-mobile e-flex parallax_section_no qode_elementor_container_no e-con e-child\" data-id=\"ff57c01\" data-element_type=\"container\" data-e-type=\"container\">\n\t\t\t\t<div class=\"elementor-element elementor-element-31a7cea elementor-widget elementor-widget-qi_addons_for_elementor_button\" data-id=\"31a7cea\" data-element_type=\"widget\" data-e-type=\"widget\" data-widget_type=\"qi_addons_for_elementor_button.default\">\n\t\t\t\t<div class=\"elementor-widget-container\">\n\t\t\t\t\t<a class=\"qodef-shortcode qodef-m qodef-qi-button qodef-html--link qodef-layout--outlined qodef-type--standard qodef-icon--right qodef-hover--icon-move-horizontal-short\" href=\"https:\/\/www.caiadoimmigration.com\/agendar-reuniao\/\" target=\"_self\">\n\t<span class=\"qodef-m-text\">Agendar<\/span>\n\t<\/a>\n\t\t\t\t<\/div>\n\t\t\t\t<\/div>\n\t\t\t\t<\/div>\n\t\t<div class=\"elementor-element elementor-element-8612d49 e-con-full elementor-hidden-desktop elementor-hidden-tablet elementor-hidden-laptop e-flex parallax_section_no qode_elementor_container_no e-con e-child\" data-id=\"8612d49\" data-element_type=\"container\" data-e-type=\"container\">\n\t\t\t\t<div class=\"elementor-element elementor-element-d5105ac elementor-widget elementor-widget-qi_addons_for_elementor_button\" data-id=\"d5105ac\" data-element_type=\"widget\" data-e-type=\"widget\" data-widget_type=\"qi_addons_for_elementor_button.default\">\n\t\t\t\t<div class=\"elementor-widget-container\">\n\t\t\t\t\t<a class=\"qodef-shortcode qodef-m qodef-qi-button qodef-html--link qodef-layout--outlined qodef-type--standard qodef-icon--right qodef-hover--icon-move-horizontal-short\" href=\"https:\/\/www.caiadoimmigration.com\/contactos\/\" target=\"_self\">\n\t<span class=\"qodef-m-text\"><\/span>\n\t\t<span class=\"qodef-m-icon\">\n\t\t<span class=\"qodef-m-icon-inner\">\n\t\t\t<svg aria-hidden=\"true\" class=\"e-font-icon-svg e-far-calendar-alt\" viewBox=\"0 0 448 512\" xmlns=\"http:\/\/www.w3.org\/2000\/svg\"><path d=\"M148 288h-40c-6.6 0-12-5.4-12-12v-40c0-6.6 5.4-12 12-12h40c6.6 0 12 5.4 12 12v40c0 6.6-5.4 12-12 12zm108-12v-40c0-6.6-5.4-12-12-12h-40c-6.6 0-12 5.4-12 12v40c0 6.6 5.4 12 12 12h40c6.6 0 12-5.4 12-12zm96 0v-40c0-6.6-5.4-12-12-12h-40c-6.6 0-12 5.4-12 12v40c0 6.6 5.4 12 12 12h40c6.6 0 12-5.4 12-12zm-96 96v-40c0-6.6-5.4-12-12-12h-40c-6.6 0-12 5.4-12 12v40c0 6.6 5.4 12 12 12h40c6.6 0 12-5.4 12-12zm-96 0v-40c0-6.6-5.4-12-12-12h-40c-6.6 0-12 5.4-12 12v40c0 6.6 5.4 12 12 12h40c6.6 0 12-5.4 12-12zm192 0v-40c0-6.6-5.4-12-12-12h-40c-6.6 0-12 5.4-12 12v40c0 6.6 5.4 12 12 12h40c6.6 0 12-5.4 12-12zm96-260v352c0 26.5-21.5 48-48 48H48c-26.5 0-48-21.5-48-48V112c0-26.5 21.5-48 48-48h48V12c0-6.6 5.4-12 12-12h40c6.6 0 12 5.4 12 12v52h128V12c0-6.6 5.4-12 12-12h40c6.6 0 12 5.4 12 12v52h48c26.5 0 48 21.5 48 48zm-48 346V160H48v298c0 3.3 2.7 6 6 6h340c3.3 0 6-2.7 6-6z\"><\/path><\/svg>\t\t\t\t\t<\/span>\n\t<\/span>\n<\/a>\n\t\t\t\t<\/div>\n\t\t\t\t<\/div>\n\t\t\t\t<\/div>\n\t\t\t\t<\/div>\n\t\t<div class=\"elementor-element elementor-element-879aac1 e-flex e-con-boxed parallax_section_no qode_elementor_container_no e-con e-parent\" data-id=\"879aac1\" data-element_type=\"container\" data-e-type=\"container\" data-settings=\"{&quot;background_background&quot;:&quot;classic&quot;}\">\n\t\t\t\t\t<div class=\"e-con-inner\">\n\t\t<div class=\"elementor-element elementor-element-9c88ae8 e-con-full e-flex parallax_section_no qode_elementor_container_no e-con e-child\" data-id=\"9c88ae8\" data-element_type=\"container\" data-e-type=\"container\">\n\t\t\t\t<div class=\"elementor-element elementor-element-d50b819 elementor-widget elementor-widget-text-editor\" data-id=\"d50b819\" data-element_type=\"widget\" data-e-type=\"widget\" data-widget_type=\"text-editor.default\">\n\t\t\t\t<div class=\"elementor-widget-container\">\n\t\t\t\t\t\t\t\t\t<h1>Pol\u00edtica de Privacidade<\/h1>\n<div style=\"margin-top: 25px;\"><\/div>\n<p class=\"ws-lead\">A presente pol\u00edtica de privacidade \u00e9 v\u00e1lida \u00fanica e exclusivamente na utiliza\u00e7\u00e3o e no processamento de dados neste website. Respeitamos a sua privacidade bem como os seus dados pessoais, tomando todas as medidas necess\u00e1rias a manter em seguran\u00e7a os mesmos.<\/p>\n\n\t\t\t\t\t\t\t\t<\/div>\n\t\t\t\t<\/div>\n\t\t\t\t<div class=\"elementor-element elementor-element-7c6b3e6 elementor-widget elementor-widget-spacer\" data-id=\"7c6b3e6\" data-element_type=\"widget\" data-e-type=\"widget\" data-widget_type=\"spacer.default\">\n\t\t\t\t<div class=\"elementor-widget-container\">\n\t\t\t\t\t\t\t<div class=\"elementor-spacer\">\n\t\t\t<div class=\"elementor-spacer-inner\"><\/div>\n\t\t<\/div>\n\t\t\t\t\t\t<\/div>\n\t\t\t\t<\/div>\n\t\t\t\t<div class=\"elementor-element elementor-element-6784219 elementor-widget elementor-widget-text-editor\" data-id=\"6784219\" data-element_type=\"widget\" data-e-type=\"widget\" data-widget_type=\"text-editor.default\">\n\t\t\t\t<div class=\"elementor-widget-container\">\n\t\t\t\t\t\t\t\t\t<ol><li><strong>Entidade respons\u00e1vel pelo tratamento de dados<\/strong><br \/>A entidade respons\u00e1vel pelo tratamento de dados enviados pelos utilizadores \u00e9 Caiado Immigration &amp; Corporate Services.<\/li><li><strong>Privacidade &#8211; Utiliza\u00e7\u00e3o de Cookies<\/strong><br \/>Ao entrar neste website s\u00e3o utilizados cookies, ou seja, pequenos ficheiros de texto que s\u00e3o colocados no disco r\u00edgido por um servidor de p\u00e1ginas Web, os quais permitem uma melhor experi\u00eancia de navega\u00e7\u00e3o e acesso a outras funcionalidades do website, tudo isto para prestar um servi\u00e7o de excel\u00eancia ao utilizador.<ul><li><strong>O que s\u00e3o cookies?<\/strong><br \/>Cookies s\u00e3o pequenos ficheiros que os servidores web gravam no equipamento que acede ao site, conforme as permiss\u00f5es configuradas no navegador (browser) utilizado e retendo apenas informa\u00e7\u00e3o relacionada com a navega\u00e7\u00e3o ou funcionalidades do site, n\u00e3o sendo usada para identificar pessoalmente os utilizadores, n\u00e3o incluindo, como tal, os seus dados pessoais.<\/li><li><strong>Para que servem os Cookies?<\/strong><br \/>Os cookies servem para ajudar \u00e0 navega\u00e7\u00e3o no site, para determinar a utilidade, interesse e medi\u00e7\u00e3o de visitantes, permitindo uma navega\u00e7\u00e3o mais r\u00e1pida e eficiente, eliminando a necessidade de introduzir repetidamente as mesmas informa\u00e7\u00f5es.<\/li><li><strong>Para que fins utilizamos cookies?<\/strong><br \/>Utilizamos apenas cookies estritamente necess\u00e1rios, para personalizar e facilitar ao m\u00e1ximo a navega\u00e7\u00e3o, mas tamb\u00e9m, para a solu\u00e7\u00e3o de problemas, estat\u00edsticas an\u00f3nimas, garantia de qualidade, e para monitorizar o funcionamento e a seguran\u00e7a do sistema. Estes cookies est\u00e3o sempre ativados quando navega no nosso site exceto se desativar os mesmos nas defini\u00e7\u00f5es do seu browser, caso em que n\u00e3o garantimos o correto funcionamento de todas as \u00e1reas do nosso website. Os cookies podem tamb\u00e9m ser utilizados para saber que produto um visitante adicionou ao carrinho de compras e para mostrar produtos relevantes para o utilizador consoante a navega\u00e7\u00e3o no nosso website. Estes cookies podem incluir v\u00e1rios dados an\u00f3nimos, como o endere\u00e7o IP, o tipo de navegador, o tipo de dispositivo, o sistema operativo, a data\/ hora de acesso e o URL referenciador do seu pedido.<\/li><\/ul><\/li><li><strong>Recolha de dados pessoais<\/strong><br \/>Os dados pessoais recolhidos neste website t\u00eam como finalidade responder a pedidos de contacto, de or\u00e7amentos, de informa\u00e7\u00f5es em geral\u00a0e para efeitos legais necess\u00e1rios caso venha a celebrar algum contrato ou transa\u00e7\u00e3o comercial com a nossa empresa e as informa\u00e7\u00f5es, pessoais ou n\u00e3o, n\u00e3o s\u00e3o transmitidas a terceiros.<br \/>Os dados dos utilizadores ficam guardados em servidores Cloud localizados na Uni\u00e3o Europeia. Estes servidores s\u00e3o protegidos e mantidos de acordo com os mais elevados standards de seguran\u00e7a e respeitando sempre as leis de privacidade aplic\u00e1veis.<\/li><li><strong>Direitos dos titulares dos dados<\/strong><br \/>O utilizador tem o direito de nos termos da lei, consultar, eliminar ou proceder \u00e0\u00a0retifica\u00e7\u00e3o dos seus dados pessoais, enviados pelo nosso website.\u00a0Para este efeito e para reconhecermos a identidade do titular dos dados, os utilizadores devem enviar uma mensagem a partir do seu pr\u00f3prio email dirigida a\u00a0<a href=\"mailto:eva@caiadoguerreiro.com\">eva@caiadoguerreiro.com<\/a>\u00a0indicando de forma clara o que pretende relativamente aos seus dados pessoais.<\/li><li><strong>Per\u00edodo de tempo durante o qual guardamos os dados<\/strong><br \/>Conservaremos os seus dados pessoais pelo per\u00edodo necess\u00e1rio \u00e0 presta\u00e7\u00e3o dos servi\u00e7os, respetiva fatura\u00e7\u00e3o e finalidades referidas.<\/li><li><strong>Direito de reclama\u00e7\u00e3o<\/strong><br \/>O utilizador tem o direito a apresentar queixa na autoridade de supervis\u00e3o da prote\u00e7\u00e3o de dados (<a href=\"https:\/\/www.cnpd.pt\/\">cnpd.pt<\/a>).<\/li><\/ol>\t\t\t\t\t\t\t\t<\/div>\n\t\t\t\t<\/div>\n\t\t\t\t<div class=\"elementor-element elementor-element-a7386f7 elementor-widget elementor-widget-spacer\" data-id=\"a7386f7\" data-element_type=\"widget\" data-e-type=\"widget\" data-widget_type=\"spacer.default\">\n\t\t\t\t<div class=\"elementor-widget-container\">\n\t\t\t\t\t\t\t<div class=\"elementor-spacer\">\n\t\t\t<div class=\"elementor-spacer-inner\"><\/div>\n\t\t<\/div>\n\t\t\t\t\t\t<\/div>\n\t\t\t\t<\/div>\n\t\t\t\t<\/div>\n\t\t\t\t\t<\/div>\n\t\t\t\t<\/div>\n\t\t\t\t<\/div>\n\t\t","protected":false},"excerpt":{"rendered":"<p>Agendar Pol\u00edtica de Privacidade A presente pol\u00edtica de privacidade \u00e9 v\u00e1lida \u00fanica e exclusivamente na utiliza\u00e7\u00e3o e no processamento de dados neste website. Respeitamos a sua privacidade bem como os seus dados pessoais, tomando todas as medidas necess\u00e1rias a manter em seguran\u00e7a os mesmos. Entidade&#8230;<\/p>\n","protected":false},"author":1,"featured_media":0,"parent":0,"menu_order":0,"comment_status":"closed","ping_status":"open","template":"","meta":{"om_disable_all_campaigns":false,"inline_featured_image":false,"_monsterinsights_skip_tracking":false,"_monsterinsights_sitenote_active":false,"_monsterinsights_sitenote_note":"","_monsterinsights_sitenote_category":0,"footnotes":""},"class_list":["post-3","page","type-page","status-publish","hentry"],"aioseo_notices":[],"_links":{"self":[{"href":"https:\/\/www.caiadoimmigration.com\/pt-pt\/wp-json\/wp\/v2\/pages\/3","targetHints":{"allow":["GET"]}}],"collection":[{"href":"https:\/\/www.caiadoimmigration.com\/pt-pt\/wp-json\/wp\/v2\/pages"}],"about":[{"href":"https:\/\/www.caiadoimmigration.com\/pt-pt\/wp-json\/wp\/v2\/types\/page"}],"author":[{"embeddable":true,"href":"https:\/\/www.caiadoimmigration.com\/pt-pt\/wp-json\/wp\/v2\/users\/1"}],"replies":[{"embeddable":true,"href":"https:\/\/www.caiadoimmigration.com\/pt-pt\/wp-json\/wp\/v2\/comments?post=3"}],"version-history":[{"count":19,"href":"https:\/\/www.caiadoimmigration.com\/pt-pt\/wp-json\/wp\/v2\/pages\/3\/revisions"}],"predecessor-version":[{"id":4336,"href":"https:\/\/www.caiadoimmigration.com\/pt-pt\/wp-json\/wp\/v2\/pages\/3\/revisions\/4336"}],"wp:attachment":[{"href":"https:\/\/www.caiadoimmigration.com\/pt-pt\/wp-json\/wp\/v2\/media?parent=3"}],"curies":[{"name":"wp","href":"https:\/\/api.w.org\/{rel}","templated":true}]}}